{"id":9674,"date":"2014-11-18T23:59:39","date_gmt":"2014-11-18T23:59:39","guid":{"rendered":"https:\/\/www.beginningwell.org\/en\/registrierung\/"},"modified":"2022-11-22T15:08:49","modified_gmt":"2022-11-22T14:08:49","slug":"register","status":"publish","type":"page","link":"https:\/\/www.beginningwell.org\/en\/register\/","title":{"rendered":"Register"},"content":{"rendered":"<section  class='av_textblock_section av-64hg7e-afb5738578c1faa6fe6d3011174c9863 '  itemscope=\"itemscope\" itemtype=\"https:\/\/schema.org\/CreativeWork\" ><div class='avia_textblock '  itemprop=\"text\" ><h4 style=\"text-align: center;\"><span style=\"color: #719430;\"><strong>Register for <em>Beginning Well <\/em>for FREE<\/strong><\/span><\/h4>\n<\/div><\/section>\n<section  class='av_textblock_section av-lasajn30-fc4de6fc091d99d1b480fad5742d1c31 '  itemscope=\"itemscope\" itemtype=\"https:\/\/schema.org\/CreativeWork\" ><div class='avia_textblock '  itemprop=\"text\" ><p style=\"text-align: center;\">Get unlimited access to proven<br \/>\nMINDFUL PARENTING RESOURCES<br \/>\nto gently raise your child o-3.<\/p>\n<\/div><\/section>\n\n<style type=\"text\/css\" data-created_by=\"avia_inline_auto\" id=\"style-css-av-3o0fpm-19c499811da31af70675a039d8a82c59\">\n#top .hr.av-3o0fpm-19c499811da31af70675a039d8a82c59{\nmargin-top:30px;\nmargin-bottom:30px;\n}\n.hr.av-3o0fpm-19c499811da31af70675a039d8a82c59 .hr-inner{\nwidth:50px;\n}\n<\/style>\n<div  class='hr av-3o0fpm-19c499811da31af70675a039d8a82c59 hr-custom  avia-builder-el-2  el_after_av_textblock  el_before_av_textblock  hr-center hr-icon-no '><span class='hr-inner inner-border-av-border-none'><span class=\"hr-inner-style\"><\/span><\/span><\/div>\n<section  class='av_textblock_section av-28hsqi-30f9773e20e4ae5abbb43c3ad62c6cc0 '  itemscope=\"itemscope\" itemtype=\"https:\/\/schema.org\/CreativeWork\" ><div class='avia_textblock '  itemprop=\"text\" ><div id=\"wpmem_login\"><a id=\"login\"><\/a><form action=\"https:\/\/www.beginningwell.org\/en\/register\/\" method=\"POST\" id=\"wpmem_login_form\" class=\"form\"><input type=\"hidden\" id=\"_wpmem_login_nonce\" name=\"_wpmem_login_nonce\" value=\"7407ea6a03\" \/><input type=\"hidden\" name=\"_wp_http_referer\" value=\"\/en\/wp-json\/wp\/v2\/pages\/9674\/\" \/><fieldset><legend>Existing Users Log In<\/legend><label for=\"log\">Username or Email<\/label><div class=\"div_text\"><input name=\"log\" type=\"text\" id=\"log\" value=\"\" class=\"username\" required  \/><\/div><label for=\"pwd\">Password<\/label><div class=\"div_text\"><input name=\"pwd\" type=\"password\" id=\"pwd\" class=\"password\" required  \/><\/div><input name=\"redirect_to\" type=\"hidden\" value=\"https:\/\/www.beginningwell.org\/en\/register\/\" \/><input name=\"a\" type=\"hidden\" value=\"login\" \/><div class=\"button_div\"><input name=\"rememberme\" type=\"checkbox\" id=\"rememberme\" value=\"forever\" \/>&nbsp;<label for=\"rememberme\">Remember Me<\/label>&nbsp;&nbsp;<input type=\"submit\" name=\"Submit\" value=\"Log In\" class=\"buttons\" \/><\/div><div class=\"link-text\"><span class=\"link-text-forgot\">Forgot password?&nbsp;<a href=\"https:\/\/www.beginningwell.org\/passwortreset\/?a=pwdreset\">Click here to reset<\/a><\/span><\/div><div class=\"link-text\"><span class=\"link-text-register\">New User?&nbsp;<a href=\"https:\/\/www.beginningwell.org\/registrierung\/\">Click here to register<\/a><\/span><\/div><\/fieldset><\/form><\/div>\r\n<!--\r\n\twsl_render_auth_widget\r\n\tWordPress Social Login 3.0.3.\r\n\thttp:\/\/wordpress.org\/plugins\/wordpress-social-login\/\r\n-->\r\n\r\n<style type=\"text\/css\">\r\n.wp-social-login-connect-with{}.wp-social-login-provider-list{}.wp-social-login-provider-list a{}.wp-social-login-provider-list img{}.wsl_connect_with_provider{}<\/style>\r\n\r\n<div class=\"wp-social-login-widget\">\r\n\r\n\t<div class=\"wp-social-login-connect-with\">Register with:<\/div>\r\n\r\n\t<div class=\"wp-social-login-provider-list\">\r\n\r\n\t\t<a rel=\"nofollow\" href=\"javascript:void(0);\" title=\"Connect with Facebook\" class=\"wp-social-login-provider wp-social-login-provider-facebook\" data-provider=\"Facebook\" role=\"button\">\r\n\t\t\t<img alt=\"Facebook\" src=\"https:\/\/www.beginningwell.org\/wp-content\/plugins\/wordpress-social-login\/assets\/img\/32x32\/wpzoom\/facebook.png\" aria-hidden=\"true\" \/>\r\n\t\t<\/a>\r\n\r\n\t\t<a rel=\"nofollow\" href=\"javascript:void(0);\" title=\"Connect with Google\" class=\"wp-social-login-provider wp-social-login-provider-google\" data-provider=\"Google\" role=\"button\">\r\n\t\t\t<img alt=\"Google\" src=\"https:\/\/www.beginningwell.org\/wp-content\/plugins\/wordpress-social-login\/assets\/img\/32x32\/wpzoom\/google.png\" aria-hidden=\"true\" \/>\r\n\t\t<\/a>\r\n\r\n\t<\/div>\r\n\r\n\t<div class=\"wp-social-login-widget-clearing\"><\/div>\r\n\r\n<\/div>\r\n\r\n<input type=\"hidden\" id=\"wsl_popup_base_url\" value=\"https:\/\/www.beginningwell.org\/wp-login.php?action=wordpress_social_authenticate&#038;mode=login\" \/>\r\n<input type=\"hidden\" id=\"wsl_login_form_uri\" value=\"https:\/\/www.beginningwell.org\/wp-login.php\" \/>\r\n\r\n<!-- wsl_render_auth_widget -->\r\n\r\n\n<div class=\"regDiv\"><div id=\"wpmem_reg\"><a id=\"register\"><\/a><form name=\"form\" method=\"post\" action=\"https:\/\/www.beginningwell.org\/en\/register\/\" id=\"wpmem_register_form\" class=\"form\"><input type=\"hidden\" id=\"_wpmem_register_nonce\" name=\"_wpmem_register_nonce\" value=\"a2e9165556\" \/><input type=\"hidden\" name=\"_wp_http_referer\" value=\"\/en\/wp-json\/wp\/v2\/pages\/9674\/\" \/><fieldset><legend>New User Registration<\/legend><label for=\"username\" class=\"text\">Choose a Username<span class=\"req\">*<\/span><\/label><div class=\"div_text\"><input name=\"username\" type=\"text\" id=\"username\" value=\"\" class=\"textbox\" required  \/><\/div><label for=\"first_name\" class=\"text\">First Name<span class=\"req\">*<\/span><\/label><div class=\"div_text\"><input name=\"first_name\" type=\"text\" id=\"first_name\" value=\"\" class=\"textbox\" required  \/><\/div><label for=\"last_name\" class=\"text\">Last Name<span class=\"req\">*<\/span><\/label><div class=\"div_text\"><input name=\"last_name\" type=\"text\" id=\"last_name\" value=\"\" class=\"textbox\" required  \/><\/div><label for=\"user_email\" class=\"text\">Email<span class=\"req\">*<\/span><\/label><div class=\"div_text\"><input name=\"user_email\" type=\"text\" id=\"user_email\" value=\"\" class=\"textbox\" required  \/><\/div><label for=\"datenschutz\" class=\"checkbox\">If you are interested, we would be pleased to send you our newsletter with information on new subjects, films and other contributions.<span class=\"req\">*<\/span><\/label><div class=\"div_checkbox\"><input name=\"datenschutz\" type=\"checkbox\" id=\"datenschutz\" value=\"1\" checked='checked' required  \/><\/div><label for=\"newsletter\" class=\"checkbox\">If you are interested, we would be pleased to send you our newsletter with information on new subjects, films and other contributions.<\/label><div class=\"div_checkbox\"><input name=\"newsletter\" type=\"checkbox\" id=\"newsletter\" value=\"1\" checked='checked' \/><\/div><script src=\"https:\/\/www.google.com\/recaptcha\/api.js?render=6Lc_mkkgAAAAALwwjU8Hl8x3ZL7CPu0ndHfReMCn\"><\/script><script>grecaptcha.ready(function () {grecaptcha.execute('6Lc_mkkgAAAAALwwjU8Hl8x3ZL7CPu0ndHfReMCn', { action: 'contact' }).then(function (token) {var recaptchaResponse = document.getElementById('recaptchaResponse');recaptchaResponse.value = token;});});<\/script><input type=\"hidden\" name=\"recaptcha_response\" id=\"recaptchaResponse\"><input name=\"a\" type=\"hidden\" value=\"register\" \/><input name=\"wpmem_reg_page\" type=\"hidden\" value=\"https:\/\/www.beginningwell.org\/en\/register\/\" \/><div class=\"button_div\"><input name=\"reset\" type=\"reset\" value=\"Reset Form\" class=\"buttons\" \/> <input name=\"submit\" type=\"submit\" value=\"Register\" class=\"buttons\" \/><\/div><div class=\"req-text\"><span class=\"req\">*<\/span>Required field<\/div><\/fieldset><\/form><\/div><\/div>\n<\/div><\/section>\n","protected":false},"excerpt":{"rendered":"","protected":false},"author":129,"featured_media":0,"parent":0,"menu_order":0,"comment_status":"open","ping_status":"open","template":"","meta":[],"yoast_head":"<!-- This site is optimized with the Yoast SEO Premium plugin v15.5 - https:\/\/yoast.com\/wordpress\/plugins\/seo\/ -->\n<title>Registrieren f\u00fcr das Internetportal<\/title>\n<meta name=\"description\" content=\"Damit Ihnen die vielf\u00e4ltigen Inhalte, Fotos und Filme zug\u00e4nglich werden, k\u00f6nnen Sie sich hier registrieren bzw. anmelden.\" \/>\n<meta name=\"robots\" content=\"index, follow, max-snippet:-1, max-image-preview:large, max-video-preview:-1\" \/>\n<link rel=\"canonical\" href=\"https:\/\/www.beginningwell.org\/en\/register\/\" \/>\n<meta name=\"twitter:label1\" content=\"Est. reading time\">\n\t<meta name=\"twitter:data1\" content=\"1 minute\">\n<script type=\"application\/ld+json\" class=\"yoast-schema-graph\">{\"@context\":\"https:\/\/schema.org\",\"@graph\":[{\"@type\":\"WebSite\",\"@id\":\"https:\/\/www.beginningwell.org\/#website\",\"url\":\"https:\/\/www.beginningwell.org\/\",\"name\":\"beginningwell.org\",\"description\":\"Achtsames Miteinander von Beginn an \\u00a9\",\"potentialAction\":[{\"@type\":\"SearchAction\",\"target\":\"https:\/\/www.beginningwell.org\/?s={search_term_string}\",\"query-input\":\"required name=search_term_string\"}],\"inLanguage\":\"en-US\"},{\"@type\":\"WebPage\",\"@id\":\"https:\/\/www.beginningwell.org\/en\/register\/#webpage\",\"url\":\"https:\/\/www.beginningwell.org\/en\/register\/\",\"name\":\"Registrieren f\\u00fcr das Internetportal\",\"isPartOf\":{\"@id\":\"https:\/\/www.beginningwell.org\/#website\"},\"datePublished\":\"2014-11-18T23:59:39+00:00\",\"dateModified\":\"2022-11-22T14:08:49+00:00\",\"description\":\"Damit Ihnen die vielf\\u00e4ltigen Inhalte, Fotos und Filme zug\\u00e4nglich werden, k\\u00f6nnen Sie sich hier registrieren bzw. anmelden.\",\"inLanguage\":\"en-US\",\"potentialAction\":[{\"@type\":\"ReadAction\",\"target\":[\"https:\/\/www.beginningwell.org\/en\/register\/\"]}]}]}<\/script>\n<!-- \/ Yoast SEO Premium plugin. -->","_links":{"self":[{"href":"https:\/\/www.beginningwell.org\/en\/wp-json\/wp\/v2\/pages\/9674\/"}],"collection":[{"href":"https:\/\/www.beginningwell.org\/en\/wp-json\/wp\/v2\/pages\/"}],"about":[{"href":"https:\/\/www.beginningwell.org\/en\/wp-json\/wp\/v2\/types\/page\/"}],"author":[{"embeddable":true,"href":"https:\/\/www.beginningwell.org\/en\/wp-json\/wp\/v2\/users\/129\/"}],"replies":[{"embeddable":true,"href":"https:\/\/www.beginningwell.org\/en\/wp-json\/wp\/v2\/comments\/?post=9674"}],"version-history":[{"count":6,"href":"https:\/\/www.beginningwell.org\/en\/wp-json\/wp\/v2\/pages\/9674\/revisions\/"}],"predecessor-version":[{"id":11661,"href":"https:\/\/www.beginningwell.org\/en\/wp-json\/wp\/v2\/pages\/9674\/revisions\/11661\/"}],"wp:attachment":[{"href":"https:\/\/www.beginningwell.org\/en\/wp-json\/wp\/v2\/media\/?parent=9674"}],"curies":[{"name":"wp","href":"https:\/\/api.w.org\/{rel}","templated":true}]}}